{"id":26004,"date":"2025-12-09T23:48:29","date_gmt":"2025-12-09T23:48:29","guid":{"rendered":"https:\/\/katoattila.hu\/Edina\/?page_id=26004"},"modified":"2026-01-28T10:34:44","modified_gmt":"2026-01-28T10:34:44","slug":"pdfek","status":"publish","type":"page","link":"https:\/\/katoattila.hu\/Edina\/pdfek\/","title":{"rendered":"PDF-ek"},"content":{"rendered":"<h1>Mesters\u00e9ges intelligencia mindenkinek Edina vezet\u00e9s\u00e9vel PDF (v1) &#8211; 2025. 10. 19-<\/h1>\n<p>A<img loading=\"lazy\" decoding=\"async\" class=\"alignleft wp-image-25906 size-medium\" src=\"https:\/\/katoattila.hu\/Edina\/wp-content\/uploads\/2025\/10\/Gemini_Generated_Image_5po5ku5po5ku5po5-300x300.png\" alt=\"gemini generated image 5po5ku5po5ku5po5\" width=\"300\" height=\"300\" title=\"PDF-ek\" srcset=\"https:\/\/katoattila.hu\/Edina\/wp-content\/uploads\/2025\/10\/Gemini_Generated_Image_5po5ku5po5ku5po5-300x300.png 300w, https:\/\/katoattila.hu\/Edina\/wp-content\/uploads\/2025\/10\/Gemini_Generated_Image_5po5ku5po5ku5po5-150x150.png 150w, https:\/\/katoattila.hu\/Edina\/wp-content\/uploads\/2025\/10\/Gemini_Generated_Image_5po5ku5po5ku5po5-768x768.png 768w, https:\/\/katoattila.hu\/Edina\/wp-content\/uploads\/2025\/10\/Gemini_Generated_Image_5po5ku5po5ku5po5-600x600.png 600w, https:\/\/katoattila.hu\/Edina\/wp-content\/uploads\/2025\/10\/Gemini_Generated_Image_5po5ku5po5ku5po5-100x100.png 100w, https:\/\/katoattila.hu\/Edina\/wp-content\/uploads\/2025\/10\/Gemini_Generated_Image_5po5ku5po5ku5po5.png 1024w\" sizes=\"auto, (max-width: 300px) 100vw, 300px\" \/>z\u00e9rt \u00edrtam ezt a k\u00f6nyvet, hogy egyszer\u0171en \u00e9s k\u00f6z\u00e9rthet\u0151en mutassam be az AI vil\u00e1g\u00e1t. Mesters\u00e9ges intelligencia m\u00e1r nemcsak a sci-fi filmekben l\u00e9tezik, hanem ott van a zseb\u00fcnkben, a munkahely\u00fcnk\u00f6n, az otthonunkban \u00e9s a mindennapi d\u00f6nt\u00e9seinkben is. Napr\u00f3l napra egyre t\u00f6bb lehet\u0151s\u00e9g\u00fcnk ny\u00edlik arra, hogy ezekb\u0151l a csod\u00e1s eszk\u00f6z\u00f6kb\u0151l a legt\u00f6bbet hozzuk ki, legyen sz\u00f3 sz\u00f6veges asszisztensekr\u0151l, k\u00e9palkot\u00f3 programokr\u00f3l vagy ak\u00e1r p\u00e9nz\u00fcgyi seg\u00edts\u00e9gr\u0151l.<\/p>\n<pre>Fontos megjegyz\u00e9s:\r\nEz a k\u00f6nyv,\u00a0 az el\u0151sz\u00f3, a fejezetek \u00e9s a v\u00e9gsz\u00f3, mesters\u00e9ges intelligencia seg\u00edts\u00e9g\u00e9vel k\u00e9sz\u00fclt, kisebb emberi szerkeszt\u00e9ssel \u00e9s nom\u00edt\u00e1ssal.\r\nAz olvasott tartalom teh\u00e1t r\u00e9szben AI-gener\u00e1lt, r\u00e9szben emberi gondoskod\u00e1ssal k\u00e9sz\u00fclt.<\/pre>\n<p>&nbsp;<\/p>\n<h2><strong>A pdf, let\u00f6lthet\u0151, nem kell regisztr\u00e1lni, csak kattintani:\u00a0<\/strong><a href=\"https:\/\/katoattila.hu\/Edina\/wp-content\/uploads\/2025\/10\/Mesterseges-intelligencia-mindenkinek-edina-vezetesevel.pdf\" target=\"_blank\" rel=\"noopener\">[link]<\/a><\/h2>\n<p>&nbsp;<\/p>\n<p>&nbsp;<\/p>\n<p>&nbsp;<\/p>\n<p>(folytat\u00e1s folyamatban.)<\/p>\n","protected":false},"excerpt":{"rendered":"<p>Mesters\u00e9ges intelligencia mindenkinek Edina vezet\u00e9s\u00e9vel PDF (v1) &#8211; 2025. 10. 19- Az\u00e9rt \u00edrtam ezt a k\u00f6nyvet, hogy egyszer\u0171en \u00e9s k\u00f6z\u00e9rthet\u0151en mutassam be az AI vil\u00e1g\u00e1t. Mesters\u00e9ges intelligencia m\u00e1r nemcsak a sci-fi filmekben l\u00e9tezik, hanem ott van a zseb\u00fcnkben, a munkahely\u00fcnk\u00f6n, az otthonunkban \u00e9s a mindennapi d\u00f6nt\u00e9seinkben is. Napr\u00f3l napra egyre t\u00f6bb lehet\u0151s\u00e9g\u00fcnk ny\u00edlik arra, hogy&hellip;&nbsp;<\/p>\n","protected":false},"author":1,"featured_media":25906,"parent":0,"menu_order":0,"comment_status":"closed","ping_status":"closed","template":"","meta":{"_seopress_robots_primary_cat":"","_seopress_titles_title":"","_seopress_titles_desc":"","_seopress_robots_index":"","neve_meta_sidebar":"","neve_meta_container":"","neve_meta_enable_content_width":"off","neve_meta_content_width":100,"neve_meta_title_alignment":"","neve_meta_author_avatar":"","neve_post_elements_order":"","neve_meta_disable_header":"","neve_meta_disable_footer":"","neve_meta_disable_title":"on","footnotes":""},"class_list":["post-26004","page","type-page","status-publish","has-post-thumbnail","hentry"],"jetpack_sharing_enabled":true,"_links":{"self":[{"href":"https:\/\/katoattila.hu\/Edina\/wp-json\/wp\/v2\/pages\/26004","targetHints":{"allow":["GET"]}}],"collection":[{"href":"https:\/\/katoattila.hu\/Edina\/wp-json\/wp\/v2\/pages"}],"about":[{"href":"https:\/\/katoattila.hu\/Edina\/wp-json\/wp\/v2\/types\/page"}],"author":[{"embeddable":true,"href":"https:\/\/katoattila.hu\/Edina\/wp-json\/wp\/v2\/users\/1"}],"replies":[{"embeddable":true,"href":"https:\/\/katoattila.hu\/Edina\/wp-json\/wp\/v2\/comments?post=26004"}],"version-history":[{"count":7,"href":"https:\/\/katoattila.hu\/Edina\/wp-json\/wp\/v2\/pages\/26004\/revisions"}],"predecessor-version":[{"id":26099,"href":"https:\/\/katoattila.hu\/Edina\/wp-json\/wp\/v2\/pages\/26004\/revisions\/26099"}],"wp:featuredmedia":[{"embeddable":true,"href":"https:\/\/katoattila.hu\/Edina\/wp-json\/wp\/v2\/media\/25906"}],"wp:attachment":[{"href":"https:\/\/katoattila.hu\/Edina\/wp-json\/wp\/v2\/media?parent=26004"}],"curies":[{"name":"wp","href":"https:\/\/api.w.org\/{rel}","templated":true}]}}